{"id":309,"date":"2020-01-13T11:17:52","date_gmt":"2020-01-13T11:17:52","guid":{"rendered":"https:\/\/demosites.io\/web-agency-gb\/?page_id=5"},"modified":"2026-04-10T20:29:43","modified_gmt":"2026-04-10T19:29:43","slug":"15c42-web-agency-gb-home","status":"publish","type":"page","link":"https:\/\/anasedano.es\/?page_id=309&lang=es","title":{"rendered":"Si eres distribuidor o mayorista y buscas diferenciaci\u00f3n, contacta conmigo."},"content":{"rendered":"\n<div class=\"wp-block-cover alignfull is-light\" style=\"min-height:500px;aspect-ratio:unset;\"><img loading=\"lazy\" decoding=\"async\" width=\"1024\" height=\"576\" class=\"wp-block-cover__image-background wp-image-22 size-large\" alt=\"Ana Sedano - High-end jewelry manufacturing and B2B export collections in Spain\" src=\"https:\/\/anasedano.es\/wp-content\/uploads\/2026\/02\/ana-sedano-jewellery-manufacturer-b2b-collections-1024x576.jpg\" data-object-fit=\"cover\" srcset=\"https:\/\/anasedano.es\/wp-content\/uploads\/2026\/02\/ana-sedano-jewellery-manufacturer-b2b-collections-1024x576.jpg 1024w, https:\/\/anasedano.es\/wp-content\/uploads\/2026\/02\/ana-sedano-jewellery-manufacturer-b2b-collections-300x169.jpg 300w, https:\/\/anasedano.es\/wp-content\/uploads\/2026\/02\/ana-sedano-jewellery-manufacturer-b2b-collections-768x432.jpg 768w, https:\/\/anasedano.es\/wp-content\/uploads\/2026\/02\/ana-sedano-jewellery-manufacturer-b2b-collections-1536x864.jpg 1536w, https:\/\/anasedano.es\/wp-content\/uploads\/2026\/02\/ana-sedano-jewellery-manufacturer-b2b-collections.jpg 1920w\" sizes=\"auto, (max-width: 1024px) 100vw, 1024px\" \/><span aria-hidden=\"true\" class=\"wp-block-cover__background has-background-dim-60 has-background-dim\" style=\"background-color:#84827b\"><\/span><div class=\"wp-block-cover__inner-container is-layout-flow wp-block-cover-is-layout-flow\">\n<h1 class=\"wp-block-heading has-text-align-left has-text-color\" style=\"color:#121212\">Joyer\u00eda de oro para el mundo<\/h1>\n\n\n\n<p class=\"has-text-align-left has-text-color\" style=\"color:#121212\"><strong>Fabricaci\u00f3n<\/strong> y exportaci\u00f3n de joyer\u00eda de oro en 9k, 10k, 14k y 18k, con posibilidad de <strong>dise\u00f1o<\/strong> de piezas personalizadas para distribuidores y clientes profesionales.<br>M\u00e1s de <strong>25 a\u00f1os de experiencia<\/strong> conectando calidad, confianza y mercados internacionales.<\/p>\n\n\n\n<p class=\"has-text-align-left has-text-color\" style=\"color:#121212\"><\/p>\n\n\n\n<p class=\"has-text-align-left has-text-color\" style=\"color:#121212\"><\/p>\n\n\n\n<div class=\"wp-block-buttons is-horizontal is-content-justification-left is-layout-flex wp-container-core-buttons-is-layout-7e5fce0a wp-block-buttons-is-layout-flex\">\n<div class=\"wp-block-button is-style-primary\"><a class=\"wp-block-button__link wp-element-button\" href=\"https:\/\/anasedano.es\/web-agency-gb-about-us\/\">VER PIEZAS DISE\u00d1ADAS<\/a><\/div>\n\n\n\n<div class=\"wp-block-button is-style-secondary\"><a class=\"wp-block-button__link wp-element-button\" href=\"https:\/\/anasedano.es\/web-agency-gb-contact-us\/\">CONTACTAR<\/a><\/div>\n<\/div>\n<\/div><\/div>\n\n\n\n<div style=\"height:80px\" aria-hidden=\"true\" class=\"wp-block-spacer\"><\/div>\n\n\n\n<div class=\"wp-block-columns is-layout-flex wp-container-core-columns-is-layout-9d6595d7 wp-block-columns-is-layout-flex\">\n<div class=\"wp-block-column is-layout-flow wp-block-column-is-layout-flow\"><div class=\"wp-block-image icon-style is-style-default\">\n<figure class=\"aligncenter size-large\"><img decoding=\"async\" src=\"https:\/\/anasedano.es\/wp-content\/uploads\/2020\/01\/neve-webdesign-GB-03.png\" alt=\"\" class=\"wp-image-20\" title=\"\"\/><\/figure>\n<\/div>\n\n\n<div style=\"height:20px\" aria-hidden=\"true\" class=\"wp-block-spacer\"><\/div>\n\n\n\n<h3 class=\"wp-block-heading has-text-align-center has-neve-text-color-color has-text-color\">Experiencia internacional<\/h3>\n\n\n\n<p class=\"has-text-align-center\">M\u00e1s de 25 a\u00f1os trabajando en el sector de la joyer\u00eda y la exportaci\u00f3n, colaborando con fabricantes y clientes en distintos mercados.<\/p>\n\n\n\n<div style=\"height:20px\" aria-hidden=\"true\" class=\"wp-block-spacer\"><\/div>\n<\/div>\n\n\n\n<div class=\"wp-block-column is-layout-flow wp-block-column-is-layout-flow\"><div class=\"wp-block-image icon-style is-style-rounded\">\n<figure class=\"aligncenter size-large\"><img decoding=\"async\" src=\"https:\/\/anasedano.es\/wp-content\/uploads\/2020\/01\/neve-webdesign-GB-04.png\" alt=\"\" class=\"wp-image-21\"\/><\/figure>\n<\/div>\n\n\n<div style=\"height:20px\" aria-hidden=\"true\" class=\"wp-block-spacer\"><\/div>\n\n\n\n<h3 class=\"wp-block-heading has-text-align-center has-neve-text-color-color has-text-color\">Calidad y confianza<\/h3>\n\n\n\n<p class=\"has-text-align-center\">Trabajamos con fabricantes especializados que garantizan est\u00e1ndares de calidad adaptados a las exigencias del mercado internacional.<\/p>\n\n\n\n<div style=\"height:20px\" aria-hidden=\"true\" class=\"wp-block-spacer\"><\/div>\n<\/div>\n\n\n\n<div class=\"wp-block-column is-layout-flow wp-block-column-is-layout-flow\"><div class=\"wp-block-image icon-style is-style-rounded\">\n<figure class=\"aligncenter size-large\"><img decoding=\"async\" src=\"https:\/\/anasedano.es\/wp-content\/uploads\/2020\/01\/neve-webdesign-GB-01.png\" alt=\"\" class=\"wp-image-18\"\/><\/figure>\n<\/div>\n\n\n<div style=\"height:20px\" aria-hidden=\"true\" class=\"wp-block-spacer\"><\/div>\n\n\n\n<h3 class=\"wp-block-heading has-text-align-center has-neve-text-color-color has-text-color\">Relaciones a largo plazo<\/h3>\n\n\n\n<p class=\"has-text-align-center\">Nuestro objetivo es construir relaciones comerciales estables con distribuidores, mayoristas y cadenas de tiendas de joyer\u00eda de todo el mundo.<\/p>\n\n\n\n<div style=\"height:20px\" aria-hidden=\"true\" class=\"wp-block-spacer\"><\/div>\n<\/div>\n<\/div>\n\n\n\n<div style=\"height:80px\" aria-hidden=\"true\" class=\"wp-block-spacer\"><\/div>\n\n\n\n<div class=\"wp-block-cover alignfull\" style=\"min-height:600px;aspect-ratio:unset;\"><span aria-hidden=\"true\" class=\"wp-block-cover__background has-nv-light-bg-background-color has-background-dim-100 has-background-dim\"><\/span><div class=\"wp-block-cover__inner-container is-layout-flow wp-block-cover-is-layout-flow\">\n<div class=\"wp-block-group\"><div class=\"wp-block-group__inner-container is-layout-flow wp-block-group-is-layout-flow\">\n<div style=\"height:80px\" aria-hidden=\"true\" class=\"wp-block-spacer\"><\/div>\n\n\n\n<div class=\"wp-block-columns are-vertically-aligned-center is-layout-flex wp-container-core-columns-is-layout-9d6595d7 wp-block-columns-is-layout-flex\">\n<div class=\"wp-block-column is-vertically-aligned-center is-layout-flow wp-block-column-is-layout-flow\" style=\"flex-basis:50%\">\n<figure class=\"wp-block-image size-large\"><img loading=\"lazy\" decoding=\"async\" width=\"1024\" height=\"683\" src=\"https:\/\/anasedano.es\/wp-content\/uploads\/2026\/02\/jewellery-manufacturing-supply-capacity-spain-1024x683.jpg\" alt=\"Jewelry supply capacity and industrial production line - Ana Sedano Spain\" class=\"wp-image-23\" srcset=\"https:\/\/anasedano.es\/wp-content\/uploads\/2026\/02\/jewellery-manufacturing-supply-capacity-spain-1024x683.jpg 1024w, https:\/\/anasedano.es\/wp-content\/uploads\/2026\/02\/jewellery-manufacturing-supply-capacity-spain-300x200.jpg 300w, https:\/\/anasedano.es\/wp-content\/uploads\/2026\/02\/jewellery-manufacturing-supply-capacity-spain-768x512.jpg 768w, https:\/\/anasedano.es\/wp-content\/uploads\/2026\/02\/jewellery-manufacturing-supply-capacity-spain.jpg 1200w\" sizes=\"auto, (max-width: 1024px) 100vw, 1024px\" \/><figcaption class=\"wp-element-caption\">Scalable production for global importers and distributors.<\/figcaption><\/figure>\n<\/div>\n\n\n\n<div class=\"wp-block-column is-vertically-aligned-center is-layout-flow wp-block-column-is-layout-flow\" style=\"flex-basis:50%\">\n<div style=\"height:20px\" aria-hidden=\"true\" class=\"wp-block-spacer\"><\/div>\n\n\n\n<h2 class=\"wp-block-heading has-text-align-left has-neve-text-color-color has-text-color\">Distribuci\u00f3n internacional de joyer\u00eda de oro<\/h2>\n\n\n\n<p class=\"has-text-align-left has-neve-text-color-color has-text-color\" style=\"font-size:17px\">Ana Sedano conecta fabricaci\u00f3n especializada con compradores profesionales que buscan joyer\u00eda de oro competitiva para sus mercados.<\/p>\n\n\n\n<p class=\"has-text-align-left has-neve-text-color-color has-text-color\" style=\"font-size:17px\">Trabajamos con diferentes quilatajes y modelos adaptados a la demanda de cada pa\u00eds, facilitando el acceso a piezas de calidad para distribuidores y tiendas de joyer\u00eda.<\/p>\n\n\n\n<div class=\"wp-block-buttons is-horizontal is-content-justification-left is-layout-flex wp-container-core-buttons-is-layout-7e5fce0a wp-block-buttons-is-layout-flex\">\n<div class=\"wp-block-button is-style-primary\"><a class=\"wp-block-button__link wp-element-button\" href=\"https:\/\/anasedano.es\/web-agency-gb-portfolio-single\/\">M\u00c1S INFORMACI\u00d3N<\/a><\/div>\n<\/div>\n<\/div>\n<\/div>\n\n\n\n<div style=\"height:40px\" aria-hidden=\"true\" class=\"wp-block-spacer\"><\/div>\n<\/div><\/div>\n<\/div><\/div>\n\n\n\n<div class=\"wp-block-cover alignfull\" style=\"min-height:600px;aspect-ratio:unset;\"><span aria-hidden=\"true\" class=\"wp-block-cover__background has-nv-site-bg-background-color has-background-dim-100 has-background-dim\"><\/span><div class=\"wp-block-cover__inner-container is-layout-flow wp-block-cover-is-layout-flow\">\n<div class=\"wp-block-group\"><div class=\"wp-block-group__inner-container is-layout-flow wp-block-group-is-layout-flow\">\n<div style=\"height:80px\" aria-hidden=\"true\" class=\"wp-block-spacer\"><\/div>\n\n\n\n<div class=\"wp-block-columns are-vertically-aligned-center is-layout-flex wp-container-core-columns-is-layout-9d6595d7 wp-block-columns-is-layout-flex\">\n<div class=\"wp-block-column is-vertically-aligned-center is-layout-flow wp-block-column-is-layout-flow\" style=\"flex-basis:50%\">\n<h2 class=\"wp-block-heading has-text-align-left has-neve-text-color-color has-text-color\">Mercados internacionales<\/h2>\n\n\n\n<p class=\"has-text-align-left has-neve-text-color-color has-text-color\" style=\"font-size:17px\">Ana Sedano desarrolla relaciones comerciales con distribuidores y empresas del sector joyero en diferentes mercados internacionales, impulsando la fabricaci\u00f3n y exportaci\u00f3n de joyer\u00eda de calidad.<\/p>\n\n\n\n<p class=\"has-neve-text-color-color has-text-color\" style=\"font-size:17px\">Con m\u00e1s de 25 a\u00f1os de experiencia en el sector, dispone de una red de clientes basada en la confianza, la calidad del producto y la continuidad en el suministro.<\/p>\n\n\n\n<p class=\"has-text-align-left has-neve-text-color-color has-text-color\" style=\"font-size:17px\">La experiencia en exportaci\u00f3n permite gestionar de forma eficiente los procesos comerciales, log\u00edsticos y documentales necesarios para operar con clientes de diferentes pa\u00edses.<\/p>\n\n\n\n<div class=\"wp-block-buttons is-horizontal is-content-justification-left is-layout-flex wp-container-core-buttons-is-layout-7e5fce0a wp-block-buttons-is-layout-flex\">\n<div class=\"wp-block-button is-style-primary\"><a class=\"wp-block-button__link wp-element-button\" href=\"https:\/\/anasedano.es\/?page_id=75&amp;lang=es\">M\u00e1s informaci\u00f3n<\/a><\/div>\n<\/div>\n\n\n\n<div style=\"height:40px\" aria-hidden=\"true\" class=\"wp-block-spacer\"><\/div>\n<\/div>\n\n\n\n<div class=\"wp-block-column is-vertically-aligned-center is-layout-flow wp-block-column-is-layout-flow\" style=\"flex-basis:50%\">\n<figure class=\"wp-block-image size-large\"><img decoding=\"async\" src=\"https:\/\/anasedano.es\/wp-content\/uploads\/2020\/01\/neve-web-design-bg-13.jpg\" alt=\"\" class=\"wp-image-40\"\/><\/figure>\n<\/div>\n<\/div>\n\n\n\n<div style=\"height:40px\" aria-hidden=\"true\" class=\"wp-block-spacer\"><\/div>\n<\/div><\/div>\n<\/div><\/div>\n\n\n\n<div class=\"wp-block-cover alignfull\" style=\"min-height:600px;aspect-ratio:unset;\"><span aria-hidden=\"true\" class=\"wp-block-cover__background has-nv-dark-bg-background-color has-background-dim-100 has-background-dim\"><\/span><div class=\"wp-block-cover__inner-container is-layout-flow wp-block-cover-is-layout-flow\">\n<div class=\"wp-block-group\"><div class=\"wp-block-group__inner-container is-layout-flow wp-block-group-is-layout-flow\">\n<div class=\"wp-block-columns are-vertically-aligned-center is-layout-flex wp-container-core-columns-is-layout-9d6595d7 wp-block-columns-is-layout-flex\">\n<div class=\"wp-block-column is-vertically-aligned-center is-layout-flow wp-block-column-is-layout-flow\" style=\"flex-basis:50%\">\n<figure class=\"wp-block-image size-large\"><img loading=\"lazy\" decoding=\"async\" width=\"718\" height=\"1024\" src=\"https:\/\/anasedano.es\/wp-content\/uploads\/2026\/04\/Trabajo-718x1024.png\" alt=\"\" class=\"wp-image-426\" srcset=\"https:\/\/anasedano.es\/wp-content\/uploads\/2026\/04\/Trabajo-718x1024.png 718w, https:\/\/anasedano.es\/wp-content\/uploads\/2026\/04\/Trabajo-210x300.png 210w, https:\/\/anasedano.es\/wp-content\/uploads\/2026\/04\/Trabajo-768x1095.png 768w, https:\/\/anasedano.es\/wp-content\/uploads\/2026\/04\/Trabajo.png 864w\" sizes=\"auto, (max-width: 718px) 100vw, 718px\" \/><\/figure>\n<\/div>\n\n\n\n<div class=\"wp-block-column is-vertically-aligned-center is-layout-flow wp-block-column-is-layout-flow\" style=\"flex-basis:50%\">\n<h2 class=\"wp-block-heading has-text-align-left has-nv-text-dark-bg-color has-text-color\">Un proyecto basado en la experiencia<\/h2>\n\n\n\n<p class=\"has-text-align-left has-nv-text-dark-bg-color has-text-color\" style=\"font-size:17px\"><strong>Experiencia en el sector<br><\/strong>M\u00e1s de 25 a\u00f1os de trayectoria en el sector internacional de la joyer\u00eda aportan conocimiento profundo del mercado y de las necesidades de los compradores profesionales.<\/p>\n\n\n\n<p class=\"has-nv-text-dark-bg-color has-text-color has-link-color wp-elements-3992414e9d3ed673d118025f38626d04\"><strong>Confianza y profesionalidad<br><\/strong>La base del proyecto es construir relaciones comerciales s\u00f3lidas, basadas en la confianza, la transparencia y el compromiso con cada cliente.<\/p>\n\n\n\n<p class=\"has-text-align-left has-nv-text-dark-bg-color has-text-color\" style=\"font-size:17px\"><strong><strong>Visi\u00f3n internacional<\/strong><br><\/strong>El objetivo es seguir ampliando la presencia internacional del proyecto y conectar producci\u00f3n de calidad con distribuidores de todo el mundo.<\/p>\n<\/div>\n<\/div>\n<\/div><\/div>\n<\/div><\/div>\n\n\n\n<div style=\"height:70px\" aria-hidden=\"true\" class=\"wp-block-spacer\"><\/div>\n\n\n<h3 class=\"has-text-align-center wp-block-post-title\">Si eres distribuidor o mayorista y buscas diferenciaci\u00f3n, contacta conmigo.<\/h3>\n\n\n<div class=\"wp-block-buttons is-content-justification-center is-layout-flex wp-container-core-buttons-is-layout-16018d1d wp-block-buttons-is-layout-flex\">\n<div class=\"wp-block-button is-style-default\"><a class=\"wp-block-button__link has-nv-dark-bg-color has-neve-link-color-background-color has-text-color has-background has-link-color has-text-align-center wp-element-button\">Contactar<\/a><\/div>\n<\/div>\n\n\n\n<div style=\"height:70px\" aria-hidden=\"true\" class=\"wp-block-spacer\"><\/div>\n","protected":false},"excerpt":{"rendered":"<p>Experiencia internacional M\u00e1s de 25 a\u00f1os trabajando en el sector de la joyer\u00eda y la exportaci\u00f3n, colaborando con fabricantes y clientes en distintos mercados. Calidad y confianza Trabajamos con fabricantes especializados que garantizan est\u00e1ndares de calidad adaptados a las exigencias del mercado internacional. Relaciones a largo plazo Nuestro objetivo es construir relaciones comerciales estables con&hellip;&nbsp;<a href=\"https:\/\/anasedano.es\/?page_id=309&#038;lang=es\" rel=\"bookmark\"><span class=\"screen-reader-text\">Si eres distribuidor o mayorista y buscas diferenciaci\u00f3n, contacta conmigo.<\/span><\/a><\/p>\n","protected":false},"author":1,"featured_media":0,"parent":0,"menu_order":0,"comment_status":"closed","ping_status":"closed","template":"","meta":{"neve_meta_sidebar":"default","neve_meta_container":"default","neve_meta_enable_content_width":"on","neve_meta_content_width":100,"neve_meta_title_alignment":"","neve_meta_author_avatar":"","neve_post_elements_order":"","neve_meta_disable_header":"","neve_meta_disable_footer":"","neve_meta_disable_title":"on","_themeisle_gutenberg_block_has_review":false,"footnotes":""},"class_list":["post-309","page","type-page","status-publish","hentry"],"_links":{"self":[{"href":"https:\/\/anasedano.es\/index.php?rest_route=\/wp\/v2\/pages\/309","targetHints":{"allow":["GET"]}}],"collection":[{"href":"https:\/\/anasedano.es\/index.php?rest_route=\/wp\/v2\/pages"}],"about":[{"href":"https:\/\/anasedano.es\/index.php?rest_route=\/wp\/v2\/types\/page"}],"author":[{"embeddable":true,"href":"https:\/\/anasedano.es\/index.php?rest_route=\/wp\/v2\/users\/1"}],"replies":[{"embeddable":true,"href":"https:\/\/anasedano.es\/index.php?rest_route=%2Fwp%2Fv2%2Fcomments&post=309"}],"version-history":[{"count":20,"href":"https:\/\/anasedano.es\/index.php?rest_route=\/wp\/v2\/pages\/309\/revisions"}],"predecessor-version":[{"id":438,"href":"https:\/\/anasedano.es\/index.php?rest_route=\/wp\/v2\/pages\/309\/revisions\/438"}],"wp:attachment":[{"href":"https:\/\/anasedano.es\/index.php?rest_route=%2Fwp%2Fv2%2Fmedia&parent=309"}],"curies":[{"name":"wp","href":"https:\/\/api.w.org\/{rel}","templated":true}]}}